{"id":6,"date":"2019-10-18T12:58:34","date_gmt":"2019-10-18T10:58:34","guid":{"rendered":"https:\/\/studiopetrilli.com\/index.php\/mesmerize-pro\/"},"modified":"2024-03-05T12:10:22","modified_gmt":"2024-03-05T11:10:22","slug":"mesmerize-pro","status":"publish","type":"page","link":"https:\/\/studiopetrilli.com\/","title":{"rendered":"Front Page"},"content":{"rendered":"<div  data-label=\"Chi siamo\" data-id=\"about--1\" data-export-id=\"about-text-image\" data-category=\"about\" class=\"about-text-image content-section content-section-spacing\" id=\"chi-siamo\" style=\"background-color: rgb(245, 250, 253);\"><div  class=\"gridContainer\"> <div  class=\"row\"><div  class=\"col-sm-6 col-padding-small-xs col-sm-padding-large bg-color5 white-text content-col\" data-type=\"column\">  <h2  class=\"\">CHI SIAMO<\/h2> <p  class=\"\">Lo Studio Petrilli &amp; Selleri nasce nel 1982 ed \u00e8 cresciuto negli anni specializzandosi nella gestione di&nbsp;patrimoni immobiliari e nell\u2019amministrazione di condomini avvalendosi anche di\nprofessionisti di elevato profilo con l\u2019obiettivo di rispondere alle pi\u00f9 specifiche esigenze\ndella clientela e di instaurare con essa un consolidato rapporto di fiducia.<br >La nostra equipe \u00e8 composta da professionisti che operano\nnell\u2019ambito amministrativo, fiscale, della gestione ed amministrazione di immobili ed\naziendale, svolgendo servizi di consulenza professionale ed attivit\u00e0 ad esse correlate.\n<br >Il nostro obiettivo \u00e8 quello di garantire un\u2019assistenza globale dando la possibilit\u00e0 al cliente di\nscegliere di volta in volta la combinazione ottimale dei servizi in base alle proprie necessit\u00e0.&nbsp;\n<br >Lo studio \u00e8 inoltre collegato con professionisti e societ\u00e0 esterne al fine di condividere conoscenze e garantire un\u2019elevata qualit\u00e0 dei servizi offerti anche in ambito legale, notarile, revisione contabile, consulenza del lavoro e consulenza strategica.<\/p><\/div> <div  class=\"col-sm-6 flexbox-strech center-xs middle-xs no-gutter-col\"><div  class=\"shadow-large overlap-left-large flexbox middle-xs center-xs right-img\" data-bg=\"image\" style=\"background-image: url(&quot;https:\/\/studiopetrilli.com\/wp-content\/uploads\/2024\/02\/cropped-shutterstock_1948776319-1067x800-1.jpeg&quot;);\"><\/div><\/div> <\/div><\/div> <\/div><div  id=\"cta-1\" data-label=\"Cta\" data-id=\"cta-blue-section\" data-export-id=\"cta-blue-section\" data-category=\"cta\" class=\"cta-blue-section content-section content-section-spacing-medium bg-color1 white-text content-relative\" style=\"background-image: none; background-color: rgb(255, 255, 255);\"><div  class=\"gridContainer\"> <div  class=\"row middle-xs\"><div  class=\"col-sm-8 space-bottom-xs\" data-type=\"column\"> <h2  class=\"\" style=\"text-align: center;\"><span  style=\"color: rgb(0, 0, 0); font-weight: 600;\">RICHIEDI UN PREVENTIVO<\/span><\/h2> <\/div> <div  class=\"col-sm-4 end-sm\" data-type=\"column\"> <a class=\"button color7\" href=\"#contatti\" target=\"_self\" data-cp-link=\"1\" data-icon=\"\" rel=\"noopener noreferrer\">CONTATTACI<\/a><\/div> <\/div><\/div> <\/div><div  data-label=\"I nostri servizi\" data-id=\"content--1\" data-export-id=\"content-9\" data-category=\"content\" class=\"content-9 content-section content-section-spacing content-relative\" id=\"i-nostri-servizi-1\" style=\"background-color: rgba(3, 169, 244, 0); background-size: cover; background-image: none; background-position: center top;\" data-section-ov=\"1\"><div  class=\"section-separator-top\">\n    <svg  xmlns=\"http:\/\/www.w3.org\/2000\/svg\" viewBox=\"0 0 700 10\" preserveAspectRatio=\"none\" data-separator-name=\"arrow\" class=\"section-separator-top\">\n\t<path  class=\"svg-white-bg\" d=\"M350,10L340,0h20L350,10z\"><\/path>\n<\/svg>\n<\/div><div  class=\"gridContainer\"> <div  class=\"row text-center\"><div  class=\"section-title-col\" data-type=\"column\"> <h2  class=\"\"><span  style=\"font-weight: 700;\">PERCHE\u2019 SCEGLIERE NOI<\/span><\/h2> <\/div> <\/div> <div  class=\"row space-bottom text-center\" data-type=\"row\"> <div  class=\"col-sm-4 col-padding-small\"> <i  class=\"fa icon fa-check reverse round large color7\"><\/i> <h4  class=\"\"><span  style=\"font-weight: 700;\">MODERNITA\u2019<\/span><\/h4> <h5  class=\"\"><span  style=\"font-weight: 300;\">Uno Studio informatizzato, sempre aggiornato sulle normative in continuo mutamento e con una visione panoramica sul settore immobiliare.<\/span><\/h5><\/div> <div  class=\"col-sm-4 col-padding-small\"><i  class=\"fa icon fa-life-bouy reverse round large color7\"><\/i> <h4  class=\"\"><span  style=\"font-weight: 700;\">SERIETA\u2019<\/span><\/h4> <h5  class=\"\"><span  style=\"font-weight: 300;\">Servizi, attivit\u00e0 e tariffe chiare e verificabili. Il nostro approccio con i clienti \u00e8 scandito da modalit\u00e0 operative consolidate che ci permettono di essere trasparenti e tempestivi in fatto di comunicazione e rendicontazione.<\/span><\/h5><\/div> <div  class=\"col-sm-4 col-padding-small\"><i  class=\"fa icon fa-thumbs-o-up reverse round large color7\"><\/i> <h4  class=\"\"><span  style=\"font-weight: 700;\">EFFICIENZA<\/span><\/h4> <h5  class=\"\"><span  style=\"font-weight: 300;\">La nostra missione \u00e8 sollevare i condom\u00ecni da ogni incombenza. Lo studio Petrilli &amp; Selleri offre una gestione ottimizzata dell\u2019amministrazione condominiale, garantendo i migliori risultati nel minor tempo possibile.<\/span><\/h5><\/div> <\/div> <div  class=\"row center-xs middle-xs\"> <div  class=\"col-sm-12\" data-type=\"column\">  <\/div><\/div> <\/div><\/div><div  data-label=\"Cta\" data-id=\"cta--1\" data-export-id=\"cta-centered-section-grid\" data-category=\"cta\" class=\"cta-centered-section-grid content-section content-section-spacing-medium bg-color1 white-text content-relative\" id=\"cta-2\" style=\"background-image: none; background-color: rgb(4, 79, 143);\"><div  class=\"gridContainer\"> <div  class=\"row text-center\"><div  class=\"col-xs-12 col-sm-10 col-sm-offset-1 col-md-8 col-md-offset-2\" data-type=\"column\"> <h2  class=\"\"><span  style=\"font-weight: 700;\">Formazione e aggiornamento continuo<\/span><\/h2> <p  class=\"\">La filosofia che seguiamo si basa sull\u2019innovazione continua e sull\u2019aggiornamento costante\n<br >e professionale presso il nostro Studio.<\/p> <a class=\"button color3\" href=\"#contatti\" target=\"_self\" data-cp-link=\"1\" data-icon=\"\" rel=\"noopener noreferrer\">CONTATTACI<\/a><\/div> <\/div><\/div> <\/div><div  data-label=\"I nostri servizi\" data-id=\"features--1\" data-export-id=\"features-13\" data-category=\"features\" class=\"features-13 content-section content-section-spacing content-relative\" id=\"i-nostri-servizi\" style=\"background-color: rgb(245, 250, 253);\"><div  class=\"section-separator-top\">\n    <svg  class=\"section-separator-top\" data-separator-name=\"triangle-asymmetrical-negative\" preserveAspectRatio=\"none\" viewBox=\"0 0 1000 100\" xmlns=\"http:\/\/www.w3.org\/2000\/svg\">\n        <path  class=\"svg-white-bg\" d=\"M737.9,94.7L0,0v100h1000V0L737.9,94.7z\"><\/path>\n    <\/svg>\n<\/div><div  class=\"gridContainer\"> <div  class=\"row text-center\"><div  class=\"section-title-col\" data-type=\"column\"> <h2  class=\"\"><span  class=\"\" style=\"margin-bottom: 16px; outline-color: rgb(204, 204, 204); outline-style: solid; text-rendering: optimizeLegibility; font-size: 2.5rem; line-height: 3rem; word-wrap: break-word;\">COSA OFFRIAMO<\/span><\/h2> <h5  class=\"\"><span  style=\"font-family: &quot;Open Sans&quot;, arial, helvetica, sans-serif; font-weight: 400;\">Siamo in grado di offrire ai nostri clienti una serie di servizi completa ed interdisciplinare, per poter affrontare le problematiche riguardanti il settore ed il mercato immobiliare.<\/span><\/h5><\/div> <\/div> <div  class=\"row spaced-cols\" data-type=\"row\">  <div  class=\"col col-sm-6 space-bottom col-md-4\"><i  class=\"fa icon fa-building-o bordered round big color7\"><\/i> <h4  class=\"\"><span  style=\"font-weight: 700; color: rgb(4, 79, 143);\">AMMINISTRAZIONE CONDOMINIALE<\/span><\/h4> <p  class=\"\">Svolta da professionisti qualificati in grado di affrontare con professionalit\u00e0 le diverse problematiche nonch\u00e9 l\u2019organizzazione e la gestione di lavori di straordinaria manutenzione, efficientamento energetico, riqualificazione sismica ecc.<\/p> <\/div><div  class=\"col col-sm-6 space-bottom col-md-4\"><i  class=\"fa icon fa-connectdevelop bordered round big color7\"><\/i> <h4  class=\"\"><span  style=\"font-weight: 700; color: rgb(4, 79, 143);\">GESTIONE PATRIMONI IMMOBILIARI<\/span><\/h4> <p  class=\"\">Gestione amministrativa e fiscale dei<br >\ncontratti di locazione. Gestione interventi di manutenzione ordinaria e straordinaria degli immobili in gestione.<\/p> <\/div>  <div  class=\"col col-sm-6 space-bottom col-md-4\"><i  class=\"fa icon fa-home bordered round big color7\"><\/i> <h4  class=\"\"><span  style=\"font-weight: 700; color: rgb(4, 79, 143);\">SERVIZI IMMOBILIARI<\/span><\/h4> <p  class=\"\">Acquisti e vendite immobili tramite agente immobiliare esterno regolarmente iscritto all\u2019albo.<\/p> <\/div><div  class=\"col col-sm-6 space-bottom col-md-4\"><i  class=\"fa icon fa-lock bordered round big color7\"><\/i> <h4  class=\"\"><span  style=\"font-weight: 700; color: rgb(4, 79, 143);\">PRIVACY CONDOMINIALE<\/span><\/h4> <p  class=\"\">Accedi all\u2019area Privacy Condominiale per\n<br >poter scaricare l\u2019informativa condominiale costantemente aggiornata.<\/p> <a class=\"link\" href=\"https:\/\/www.d360.cloud\/PrivacyCondominiale\" target=\"_blank\" data-cp-link=\"1\" rel=\"noopener\">LOGIN<\/a><\/div> <div  class=\"col col-sm-6 space-bottom col-md-4\"> <i  class=\"fa icon fa-table bordered round big color7\"><\/i> <h4  class=\"\"><span  style=\"color: rgb(4, 79, 143); font-weight: 700;\">AREA RISERVATA<\/span><\/h4> <p  class=\"\">Accedi alla Bacheca Condominiale per visualizzare i documenti e gli avvisi del tuo condominio.<\/p> <a class=\"link\" href=\"https:\/\/www.d360.cloud\" target=\"_blank\" data-cp-link=\"1\" rel=\"noopener\">LOGIN<\/a><\/div><div  class=\"col col-sm-6 space-bottom col-md-4\"> <i  class=\"fa icon fa-commenting-o bordered round big color7\"><\/i> <h4  class=\"\"><span  style=\"font-weight: 700; color: rgb(4, 79, 143);\">CONSULENZA<\/span><span  id=\"_mce_caret\" data-mce-bogus=\"1\" data-mce-type=\"format-caret\"><span  style=\"font-weight: 700; color: rgb(4, 79, 143);\">\ufeff AZIENDALE<\/span><\/span><\/h4> <p  class=\"\">\u2013 Controllo di gestione<br >\n\u2013 Pianificazione strategica\n<br >\u2013 Business coaching<\/p> <\/div><\/div><\/div> <\/div><div  data-label=\"Il Team\" data-id=\"team--1\" data-export-id=\"team-1\" data-category=\"team\" class=\"team-1 content-section content-section-spacing\" id=\"il-team\" style=\"background-color: rgb(255, 255, 255);\"><div  class=\"gridContainer\"> <div  class=\"row text-center\"><div  class=\"section-title-col\" data-type=\"column\"> <h2  class=\"\">Il nostro Team<\/h2> <p  class=\"lead\">La nostra squadra \u00e8 composta da professionisti seri, competenti e costantemente aggiornati su tutte le novit\u00e0 del settore. Umanit\u00e0 e dedizione sono le parole chiave che guidano i nostri collaboratori.<\/p><\/div> <\/div> <div  class=\"row spaced-cols content-center-sm center-sm\" data-type=\"row\"> <div  class=\"col-xs-12 col-sm-6 col-md-4 \"> <div  class=\"card bottom-border-color1 no-padding no-shadow\">  <div  data-type=\"column\" class=\"col-padding-small col-padding-small-xs description-container\"> <h4  class=\"font-500\">Petrilli Graziella<\/h4> <p  class=\"small\" style=\"font-style: italic;\">Amministratore e tributarista<\/p> <div  class=\"social-icons-group\" data-type=\"group\"> <a href=\"#\" target=\"_self\" rel=\"noopener noreferrer\" data-reiki-hidden=\"true\"><i  class=\"fa icon fa-facebook-square gray\"><\/i><\/a> <a href=\"#\" target=\"_self\" rel=\"noopener noreferrer\" data-reiki-hidden=\"true\"><i  class=\"fa icon fa-twitter-square gray\"><\/i><\/a> <a href=\"#\" target=\"_self\" rel=\"noopener noreferrer\" data-reiki-hidden=\"true\"><i  class=\"fa icon fa-linkedin-square gray\"><\/i><\/a> <a href=\"#\" target=\"_self\" rel=\"noopener noreferrer\" data-reiki-hidden=\"true\"><i  class=\"fa icon fa-google-plus-square gray\"><\/i><\/a><\/div> <\/div><\/div> <\/div> <div  class=\"col-xs-12 col-sm-6 col-md-4 \"> <div  class=\"card bottom-border-color1 no-padding no-shadow\">  <div  data-type=\"column\" class=\"col-padding-small col-padding-small-xs description-container\"> <h4  class=\"font-500\">Selleri Sara<\/h4> <p  class=\"small\" style=\"font-style: italic;\">Amministratore e consulente aziendale<\/p> <div  class=\"social-icons-group\" data-type=\"group\"> <a href=\"#\" target=\"_self\" data-reiki-hidden=\"true\" rel=\"noopener\"><i  class=\"fa icon fa-facebook-square gray\"><\/i><\/a> <a href=\"#\" target=\"_self\" data-reiki-hidden=\"true\" rel=\"noopener\"><i  class=\"fa icon fa-twitter-square gray\"><\/i><\/a> <a href=\"#\" target=\"_self\" data-reiki-hidden=\"true\" rel=\"noopener\"><i  class=\"fa icon fa-linkedin-square gray\"><\/i><\/a> <a href=\"#\" target=\"_self\" data-reiki-hidden=\"true\" rel=\"noopener\"><i  class=\"fa icon fa-google-plus-square gray\"><\/i><\/a><\/div> <\/div><\/div> <\/div> <div  class=\"col-xs-12 col-sm-6 col-md-4 \"> <div  class=\"card bottom-border-color1 no-padding no-shadow\">  <div  data-type=\"column\" class=\"col-padding-small col-padding-small-xs description-container\"> <h4  class=\"font-500\">Selleri Claudio<\/h4> <p  class=\"small\" style=\"font-style: italic;\">Consulente fiscale<\/p> <div  class=\"social-icons-group\" data-type=\"group\"> <a href=\"#\" target=\"_self\" data-reiki-hidden=\"true\" rel=\"noopener\"><i  class=\"fa icon fa-facebook-square gray\"><\/i><\/a> <a href=\"#\" target=\"_self\" data-reiki-hidden=\"true\" rel=\"noopener\"><i  class=\"fa icon fa-twitter-square gray\"><\/i><\/a> <a href=\"#\" target=\"_self\" data-reiki-hidden=\"true\" rel=\"noopener\"><i  class=\"fa icon fa-linkedin-square gray\"><\/i><\/a> <a href=\"#\" target=\"_self\" data-reiki-hidden=\"true\" rel=\"noopener\"><i  class=\"fa icon fa-google-plus-square gray\"><\/i><\/a><\/div> <\/div><\/div> <\/div>     <div  class=\"col-xs-12 col-sm-6 col-md-4\"> <div  class=\"card bottom-border-color1 no-padding no-shadow\">  <div  data-type=\"column\" class=\"col-padding-small col-padding-small-xs description-container\"> <h4  class=\"font-500\">Brambilla Viviana<\/h4> <p  class=\"small\" style=\"font-style: italic;\">Front office e gestione amministrativa<\/p> <div  class=\"social-icons-group\" data-type=\"group\"> <a href=\"#\" target=\"_self\" rel=\"noopener noreferrer\" data-reiki-hidden=\"true\"><i  class=\"fa icon fa-facebook-square gray\"><\/i><\/a> <a href=\"#\" target=\"_self\" rel=\"noopener noreferrer\" data-reiki-hidden=\"true\"><i  class=\"fa icon fa-twitter-square gray\"><\/i><\/a> <a href=\"#\" target=\"_self\" rel=\"noopener noreferrer\" data-reiki-hidden=\"true\"><i  class=\"fa icon fa-linkedin-square gray\"><\/i><\/a> <a href=\"#\" target=\"_self\" rel=\"noopener noreferrer\" data-reiki-hidden=\"true\"><i  class=\"fa icon fa-google-plus-square gray\"><\/i><\/a><\/div> <\/div><\/div> <\/div><div  class=\"col-xs-12 col-sm-6 col-md-4\"> <div  class=\"card bottom-border-color1 no-padding no-shadow\">  <div  data-type=\"column\" class=\"col-padding-small col-padding-small-xs description-container\"> <h4  class=\"font-500\">Polizzi Matteo<\/h4> <p  class=\"small\" style=\"font-style: italic;\">Front office e gestione amministrativa<\/p> <div  class=\"social-icons-group\" data-type=\"group\"> <a href=\"#\" target=\"_self\" rel=\"noopener noreferrer\" data-reiki-hidden=\"true\"><i  class=\"fa icon fa-facebook-square gray\"><\/i><\/a> <a href=\"#\" target=\"_self\" rel=\"noopener noreferrer\" data-reiki-hidden=\"true\"><i  class=\"fa icon fa-twitter-square gray\"><\/i><\/a> <a href=\"#\" target=\"_self\" rel=\"noopener noreferrer\" data-reiki-hidden=\"true\"><i  class=\"fa icon fa-linkedin-square gray\"><\/i><\/a> <a href=\"#\" target=\"_self\" rel=\"noopener noreferrer\" data-reiki-hidden=\"true\"><i  class=\"fa icon fa-google-plus-square gray\"><\/i><\/a><\/div> <\/div><\/div> <\/div><\/div> <\/div><\/div><div  data-label=\"Overlappable\" data-id=\"overlappable--1\" data-export-id=\"overlappable-3\" data-category=\"overlappable\" class=\"overlappable-3 content-section content-section-spacing\" data-overlap=\"true\" id=\"overlappable-1\" style=\"background-color: rgb(255, 255, 255);\"><div  class=\"gridContainer\"> <div  class=\"row bg-color-white shadow-medium\"><div  class=\"col-xs-12 col-sm-6 image-col first-image-col\" data-bg=\"image\"><\/div> <div  class=\"col-xs-12 col-sm-6 content-col col-padding col-padding-xs\"> <div  class=\"col-padding\" data-type=\"column\"> <h4  class=\"\">RISPOSTA IMMEDIATA<\/h4> <p  class=\"\">Gli interventi richiesti dai nostri condomini vengono evasi dal personale di studio tempestivamente e viene garantito un servizio professionale e completo. Tutto ci\u00f2 \u00e8 reso possibile grazie ai nostri fornitori, professionisti del settore, in grado di assicurare tutti i servizi ed una pronta risposta anche alle emergenze.<\/p> <\/div> <\/div><\/div> <div  class=\"row bg-color-white shadow-medium\"><div  class=\"col-xs-12 col-sm-6 content-col col-padding col-padding-xs\"> <div  class=\"col-padding\" data-type=\"column\"><h4  class=\"\">COLLABORATORI<\/h4> <p  class=\"\">Grazie al lavoro coordinato di pi\u00f9 professionisti e consulenti di fiducia esterni, lo studio d\u2019Amministrazione \u00e8 in grado di garantire la massima assistenza in ogni ambito della vita condominiale.<\/p> <\/div> <\/div> <div  class=\"col-xs-12 col-sm-6 image-col second-image-col first-xs last-sm\" data-bg=\"image\" style=\"background-image: url(&quot;https:\/\/studiopetrilli.com\/wp-content\/uploads\/2019\/10\/cropped-Perch\u00e8-sceglierci-2-Copy.jpg&quot;);\"><\/div> <\/div><\/div> <\/div><div  data-label=\"Contatti\" data-id=\"contact--1\" data-export-id=\"contact-7\" data-category=\"contact\" class=\"contact-7 content-section content-section-spacing white-text\" data-parallax-depth=\"20\" id=\"contatti\" style=\"background-color: rgba(255, 255, 255, 0); background-image: url(&quot;https:\/\/studiopetrilli.com\/wp-content\/uploads\/2024\/02\/Monza-di-sera.jpg&quot;); background-size: cover; background-position: center top;\" data-section-ov=\"1\"><div  class=\"gridContainer\"> <div  class=\"row text-center\"><div  class=\"col-xs-12\"> <div  class=\"card no-padding\"><div  class=\"row\"> <div  class=\"col-xs-12 col-sm-6 contact-form-wrapper inline-info shadow-medium\"><h2  class=\"text-center font-300 color-black\">Entra in&nbsp;<span  id=\"_mce_caret\" data-mce-bogus=\"1\" data-mce-type=\"format-caret\"><span  style=\"font-weight: 700;\">\ufeffcontatto<span  id=\"_mce_caret\" data-mce-bogus=\"1\" data-mce-type=\"format-caret\"><span  style=\"font-weight: 400;\">\ufeff&nbsp;<span  id=\"_mce_caret\" data-mce-bogus=\"1\" data-mce-type=\"format-caret\"><span  style=\"font-weight: 300;\">\ufeffcon noi<\/span><\/span><\/span><\/span><\/span><\/span><\/h2> <div  class=\"\" data-content-shortcode=\"mesmerize_contact_form shortcode=&quot;contact-form-7 id=&amp;amp;quot;39&amp;amp;quot; title=&amp;amp;quot;Modulo di contatto 1&amp;amp;quot;&quot;\" data-editable=\"true\"><div role=\"form\" class=\"wpcf7\" id=\"wpcf7-f39-o1\" lang=\"it-IT\" dir=\"ltr\">\n<div class=\"screen-reader-response\"><\/div>\n<form action=\"\/index.php?rest_route=%2Fwp%2Fv2%2Fpages%2F6#wpcf7-f39-o1\" method=\"post\" class=\"wpcf7-form wpcf7-acceptance-as-validation\" novalidate=\"novalidate\">\n<div style=\"display: none;\">\n<input type=\"hidden\" name=\"_wpcf7\" value=\"39\" \/>\n<input type=\"hidden\" name=\"_wpcf7_version\" value=\"5.1.4\" \/>\n<input type=\"hidden\" name=\"_wpcf7_locale\" value=\"it_IT\" \/>\n<input type=\"hidden\" name=\"_wpcf7_unit_tag\" value=\"wpcf7-f39-o1\" \/>\n<input type=\"hidden\" name=\"_wpcf7_container_post\" value=\"0\" \/>\n<\/div>\n<p class=\"input-form\">\n<label> Nome*<br \/>\n    <span class=\"wpcf7-form-control-wrap your-name\"><input type=\"text\" name=\"your-name\" value=\"\" size=\"40\" class=\"wpcf7-form-control wpcf7-text wpcf7-validates-as-required\" aria-required=\"true\" aria-invalid=\"false\" \/><\/span> <\/label><\/p>\n<p class=\"input-form\">\n<label> Email*<br \/>\n    <span class=\"wpcf7-form-control-wrap your-email\"><input type=\"email\" name=\"your-email\" value=\"\" size=\"40\" class=\"wpcf7-form-control wpcf7-text wpcf7-email wpcf7-validates-as-required wpcf7-validates-as-email\" aria-required=\"true\" aria-invalid=\"false\" \/><\/span> <\/label><\/p>\n<p class=\"input-form\">\n<label> Oggetto*<br \/>\n    <span class=\"wpcf7-form-control-wrap your-subject\"><input type=\"text\" name=\"your-subject\" value=\"\" size=\"40\" class=\"wpcf7-form-control wpcf7-text wpcf7-validates-as-required\" aria-required=\"true\" aria-invalid=\"false\" \/><\/span> <\/label><\/p>\n<p class=\"input-form input-form100\">\n<label> Inserisci un tuo messaggio<br \/>\n    <span class=\"wpcf7-form-control-wrap your-message\"><textarea name=\"your-message\" cols=\"40\" rows=\"10\" class=\"wpcf7-form-control wpcf7-textarea\" aria-invalid=\"false\"><\/textarea><\/span> <\/label><\/p>\n<p class=\"input-form input-form100\">\n<span class=\"wpcf7-form-control-wrap accept-this-3\"><span class=\"wpcf7-form-control wpcf7-acceptance\"><span class=\"wpcf7-list-item\"><label><input type=\"checkbox\" name=\"accept-this-3\" value=\"1\" aria-invalid=\"false\" \/><span class=\"wpcf7-list-item-label\">AUTORIZZO IL <a target=\"_blank\" href=\"https:\/\/studiopetrilli.com\/privacy-policy\/\" style=\"text-decoration:underline;\">TRATTAMENTO DEI DATI PERSONALI<\/a><\/span><\/label><\/span><\/span><\/span>\n<\/p>\n<p>*campo obbligatorio<\/p>\n<p class=\"par-button-contact7\">\n<input type=\"submit\" value=\"Invia\" class=\"wpcf7-form-control wpcf7-submit\" \/><\/p>\n<div class=\"wpcf7-response-output wpcf7-display-none\"><\/div><\/form><\/div><\/div><\/div> <div  class=\"col-xs-12 col-sm-6 map-col\"><div  data-content-shortcode=\"mesmerize_maps address=&quot;via Lulli 6 Monza&quot; zoom=&quot;65&quot;\" data-editable=\"true\" class=\"map-wrapper\"><iframe class=\"mesmerize-google-maps mesmerize-frame-map\" src=\"https:\/\/maps.google.com\/maps?q=via Lulli 6 Monza&amp;z=14&amp;t=m&amp;output=embed&amp;iwloc=near\"><\/iframe><\/div><\/div> <\/div><\/div> <\/div><\/div> <\/div><\/div>","protected":false},"excerpt":{"rendered":"<p>CHI SIAMO Lo Studio Petrilli &amp; Selleri nasce nel 1982 ed \u00e8 cresciuto negli anni specializzandosi nella gestione di&nbsp;patrimoni immobiliari e nell\u2019amministrazione di condomini avvalendosi anche di professionisti di elevato profilo con l\u2019obiettivo di rispondere alle pi\u00f9 specifiche esigenze della clientela e di instaurare con essa un consolidato rapporto di fiducia.La nostra equipe \u00e8 composta&hellip; <br \/> <a class=\"read-more\" href=\"https:\/\/studiopetrilli.com\/\">Read more<\/a><\/p>\n","protected":false},"author":1,"featured_media":0,"parent":0,"menu_order":0,"comment_status":"closed","ping_status":"closed","template":"page-templates\/homepage.php","meta":{"footnotes":""},"_links":{"self":[{"href":"https:\/\/studiopetrilli.com\/index.php?rest_route=\/wp\/v2\/pages\/6"}],"collection":[{"href":"https:\/\/studiopetrilli.com\/index.php?rest_route=\/wp\/v2\/pages"}],"about":[{"href":"https:\/\/studiopetrilli.com\/index.php?rest_route=\/wp\/v2\/types\/page"}],"author":[{"embeddable":true,"href":"https:\/\/studiopetrilli.com\/index.php?rest_route=\/wp\/v2\/users\/1"}],"replies":[{"embeddable":true,"href":"https:\/\/studiopetrilli.com\/index.php?rest_route=%2Fwp%2Fv2%2Fcomments&post=6"}],"version-history":[{"count":52,"href":"https:\/\/studiopetrilli.com\/index.php?rest_route=\/wp\/v2\/pages\/6\/revisions"}],"predecessor-version":[{"id":252,"href":"https:\/\/studiopetrilli.com\/index.php?rest_route=\/wp\/v2\/pages\/6\/revisions\/252"}],"wp:attachment":[{"href":"https:\/\/studiopetrilli.com\/index.php?rest_route=%2Fwp%2Fv2%2Fmedia&parent=6"}],"curies":[{"name":"wp","href":"https:\/\/api.w.org\/{rel}","templated":true}]}}